{"id":9,"date":"2019-08-15T11:43:58","date_gmt":"2019-08-15T11:43:58","guid":{"rendered":"http:\/\/stylos.se\/?page_id=9"},"modified":"2019-08-15T12:29:19","modified_gmt":"2019-08-15T12:29:19","slug":"vara-modeller","status":"publish","type":"page","link":"https:\/\/stylos.se\/?page_id=9","title":{"rendered":"V\u00e5ra modeller"},"content":{"rendered":"\n<div class=\"wp-block-image\"><figure class=\"alignleft is-resized\"><img loading=\"lazy\" src=\"http:\/\/stylos.se\/wp-content\/uploads\/2019\/08\/modeller-1024x769.jpeg\" alt=\"\" class=\"wp-image-33\" width=\"295\" height=\"221\" srcset=\"https:\/\/stylos.se\/wp-content\/uploads\/2019\/08\/modeller-1024x769.jpeg 1024w, https:\/\/stylos.se\/wp-content\/uploads\/2019\/08\/modeller-300x225.jpeg 300w, https:\/\/stylos.se\/wp-content\/uploads\/2019\/08\/modeller-768x577.jpeg 768w, https:\/\/stylos.se\/wp-content\/uploads\/2019\/08\/modeller-666x500.jpeg 666w, https:\/\/stylos.se\/wp-content\/uploads\/2019\/08\/modeller.jpeg 1266w\" sizes=\"(max-width: 295px) 100vw, 295px\" \/><\/figure><\/div>\n\n\n\n<p>P\u00e5 f\u00f6ljande sidor visar jag upp Conway Stewart &amp; Co Ltd&#8217;s otroligt vackra pennor, tillverkade f\u00f6r hand av f\u00f6rstklassigt material. \u00d6ver 233 individuella steg g\u00f6rs innan dessa pennor anses som klara f\u00f6r marknaden. Vi \u00e4r s\u00e5 s\u00e4kra p\u00e5 v\u00e5ra produkter att vi ger 100 \u00e5rs garanti p\u00e5 dem.\u00a0<\/p>\n\n\n\n<p>Med Inspiration fr\u00e5n den v\u00e4lk\u00e4nde brittiska statsmannen, som anv\u00e4nde v\u00e5ra pennor under krigs\u00e5ren, skapades denna penna. Churcillpennan \u00e4r i alla avseenden en imponerande penna, inte minst med tanke p\u00e5 dess storlek.<\/p>\n\n\n\n<p>Churchillpennan kommer i en exklusiv presentask som i \u00f6vrigt inneh\u00e5ller en bok med citat av Churchill, en flaska bl\u00e4ck samt en av de mycket k\u00e4nda Churchillcigarrerna.<\/p>\n\n\n\n<p>Churchillpennan kommer i flera sp\u00e4nnande f\u00e4rger fr\u00e5n den klassiska svarta till den lite mer fantasieggande Green Whirl.<\/p>\n\n\n\n<p>Med lanseringen av Modell 100 2005 s\u00e5 firade Conway Stewart sitt 100-\u00e5rs jubileum. Den b\u00e4r klara drag av art deco eran och passar utm\u00e4rkt i vilken situation som helst.Nelsonpennan kom 2005 som ett direkt svar p\u00e5 efterfr\u00e5gan av Trafalgar L.E pennan<\/p>\n\n\n\n<p>Nelsonpennan finns tillg\u00e4nglig i tio olika f\u00e4rger i fyra olika utf\u00f6randen, (Reservoarpenna, Kulspetspenna, Rollerballpenna och som Blyertspenna). Det \u00e4r en mycket sp\u00e4nnande penna som vi v\u00e4ntar oss mycket av.<\/p>\n\n\n\n<p>Nelsonpennan \u00e4r en v\u00e5gad penna med mycket god balans, den \u00e4r aldrig felplacerad vare sig det g\u00e4ller en underteckning av ett miljonkontrakt eller bara till ett enkelt korsord.<\/p>\n\n\n\n<p>Wellington \u00e4r den senaste i raden av kvalitetspennor fr\u00e5n Conway Stewart, en mycket popul\u00e4r penna som bland annat f\u00e5tt mycket goda omd\u00f6men i branchtidningar \u00f6ver hela v\u00e4rlden.You can also contact us in the following languages, don&#8217;t hesitate contacting us if you have a question.<\/p>\n\n\n\n<p>Conway Stewart&#8217;s Handm\u00e5lade Limited Edition serie erbjuder dig extremt vackra pennor med fantastiska teman m\u00e5lade av k\u00e4nda konstn\u00e4rer. Dessa pennor \u00e4r s\u00e5 komplexa att det har tagit konstn\u00e4ren flera veckor att fullborda dessa m\u00e4sterverk. M\u00e5nga designer kr\u00e4ver att endast ett enda h\u00e4sth\u00e5r anv\u00e4nds vid m\u00e5lningen f\u00f6r att f\u00e5 till den otroliga detaljrikedomen. Guld och platinum \u00e4r metaller som oftast finns med vid tillverkningen av dessa pennor.<\/p>\n\n\n\n<p>Conway Stewart&#8217;s \u00e4delmetall Limited Edition-serien \u00e4r en f\u00f6rtjusande serie designer med m\u00f6nster av de finaste av \u00e4delmetallerna: Sterling Silver, Vermeil, massivt Guld och Platina. Var Limited Edition penna kr\u00e4ver otaliga timmar av arbete f\u00f6r att full\u00e4ndas. <\/p>\n\n\n\n<p>M\u00e5nga av dessa pennor har utformats f\u00f6r hand av prisbel\u00f6nta hantverkare, de har skapat dessa pennor med sofistikerad och elegant design som passar sig vid finare tillf\u00e4llen h\u00e4r i livet.<\/p>\n\n\n\n<p>Conway Stewart&#8217;s Enamel Limited Edition-serien \u00e4r baserad p\u00e5 v\u00e5r Elegance modell och utformad ifr\u00e5n massivt sterling silver stavar. Varje penna inneh\u00e5ller en elegant gravyr design och 17 lager handp\u00e5laggd emalj.<\/p>\n\n\n\n<p>Conway Stewart&#8217;s Precious Resin Limited Edition-serien erbjuder exklusiva m\u00f6nster som bygger p\u00e5 alla v\u00e5ra popul\u00e4ra modeller: Churchill, Nelson, modell 100, Wellington, Brunel och Collector&#8217;s pennor.<\/p>\n","protected":false},"excerpt":{"rendered":"<p>P\u00e5 f\u00f6ljande sidor visar jag upp Conway Stewart &amp; Co Ltd&#8217;s otroligt vackra pennor, tillverkade f\u00f6r hand av f\u00f6rstklassigt material. &hellip; <a href=\"https:\/\/stylos.se\/?page_id=9\" class=\"more-link\"><span class=\"more-button\">Read More<span class=\"screen-reader-text\">V\u00e5ra modeller<\/span><\/span><\/a><\/p>\n","protected":false},"author":1,"featured_media":0,"parent":0,"menu_order":0,"comment_status":"closed","ping_status":"closed","template":"","meta":[],"_links":{"self":[{"href":"https:\/\/stylos.se\/index.php?rest_route=\/wp\/v2\/pages\/9"}],"collection":[{"href":"https:\/\/stylos.se\/index.php?rest_route=\/wp\/v2\/pages"}],"about":[{"href":"https:\/\/stylos.se\/index.php?rest_route=\/wp\/v2\/types\/page"}],"author":[{"embeddable":true,"href":"https:\/\/stylos.se\/index.php?rest_route=\/wp\/v2\/users\/1"}],"replies":[{"embeddable":true,"href":"https:\/\/stylos.se\/index.php?rest_route=%2Fwp%2Fv2%2Fcomments&post=9"}],"version-history":[{"count":2,"href":"https:\/\/stylos.se\/index.php?rest_route=\/wp\/v2\/pages\/9\/revisions"}],"predecessor-version":[{"id":34,"href":"https:\/\/stylos.se\/index.php?rest_route=\/wp\/v2\/pages\/9\/revisions\/34"}],"wp:attachment":[{"href":"https:\/\/stylos.se\/index.php?rest_route=%2Fwp%2Fv2%2Fmedia&parent=9"}],"curies":[{"name":"wp","href":"https:\/\/api.w.org\/{rel}","templated":true}]}}