{"id":7,"date":"2019-08-15T11:39:37","date_gmt":"2019-08-15T11:39:37","guid":{"rendered":"http:\/\/stylos.se\/?page_id=7"},"modified":"2019-08-15T11:39:37","modified_gmt":"2019-08-15T11:39:37","slug":"hur-handlar-jag","status":"publish","type":"page","link":"https:\/\/stylos.se\/?page_id=7","title":{"rendered":"Hur handlar jag?"},"content":{"rendered":"\n<p>F\u00f6r att vi ska kunna tillgodose alla \u00f6nskem\u00e5l om best\u00e4llningss\u00e4tt s\u00e5 kommer h\u00e4r en lista p\u00e5 hur ni kan g\u00e5 tillv\u00e4ga n\u00e4r ni vill best\u00e4lla en penna av oss.<\/p>\n\n\n\n<p>Ni \u00e4r hemskt v\u00e4lkomna att ringa in er best\u00e4llning. Det \u00e4r en stor f\u00f6rdel om ni redan d\u00e5 har best\u00e4mt vilken skrivspets samt vilken sorts bl\u00e4ck ni vill ha.<\/p>\n\n\n\n<p>Ni kan skicka ett mail till oss med uppgifter s\u00e5som vilken penna ni vill ha samt uppgifter om faktureringsadress och leveransadress.\u00a0<\/p>\n\n\n\n<p>Ni kan skicka ett mail till oss med info om vilken penna det \u00e4r ni vill ha information om s\u00e5 kommer vi att skicka en prislista samt en best\u00e4llningslista till den av er best\u00e4md adress, mail eller via post.<\/p>\n\n\n\n<p>Finns det n\u00e5got annat s\u00e4tt ni skulle vilja best\u00e4lla just er penna p\u00e5 s\u00e5 \u00e4r vi tacksamma om ni ville delge oss den informationen s\u00e5 kommer vi att g\u00f6ra allt vi kan f\u00f6r att tillgodose era \u00f6nskem\u00e5l.<\/p>\n","protected":false},"excerpt":{"rendered":"<p>F\u00f6r att vi ska kunna tillgodose alla \u00f6nskem\u00e5l om best\u00e4llningss\u00e4tt s\u00e5 kommer h\u00e4r en lista p\u00e5 hur ni kan g\u00e5 &hellip; <a href=\"https:\/\/stylos.se\/?page_id=7\" class=\"more-link\"><span class=\"more-button\">Read More<span class=\"screen-reader-text\">Hur handlar jag?<\/span><\/span><\/a><\/p>\n","protected":false},"author":1,"featured_media":0,"parent":0,"menu_order":0,"comment_status":"closed","ping_status":"closed","template":"","meta":[],"_links":{"self":[{"href":"https:\/\/stylos.se\/index.php?rest_route=\/wp\/v2\/pages\/7"}],"collection":[{"href":"https:\/\/stylos.se\/index.php?rest_route=\/wp\/v2\/pages"}],"about":[{"href":"https:\/\/stylos.se\/index.php?rest_route=\/wp\/v2\/types\/page"}],"author":[{"embeddable":true,"href":"https:\/\/stylos.se\/index.php?rest_route=\/wp\/v2\/users\/1"}],"replies":[{"embeddable":true,"href":"https:\/\/stylos.se\/index.php?rest_route=%2Fwp%2Fv2%2Fcomments&post=7"}],"version-history":[{"count":1,"href":"https:\/\/stylos.se\/index.php?rest_route=\/wp\/v2\/pages\/7\/revisions"}],"predecessor-version":[{"id":8,"href":"https:\/\/stylos.se\/index.php?rest_route=\/wp\/v2\/pages\/7\/revisions\/8"}],"wp:attachment":[{"href":"https:\/\/stylos.se\/index.php?rest_route=%2Fwp%2Fv2%2Fmedia&parent=7"}],"curies":[{"name":"wp","href":"https:\/\/api.w.org\/{rel}","templated":true}]}}