{"id":2,"date":"2019-08-12T07:06:55","date_gmt":"2019-08-12T07:06:55","guid":{"rendered":"http:\/\/stylos.se\/?page_id=2"},"modified":"2019-08-16T14:19:51","modified_gmt":"2019-08-16T14:19:51","slug":"sample-page","status":"publish","type":"page","link":"https:\/\/stylos.se\/","title":{"rendered":"V\u00e4lkommen"},"content":{"rendered":"\n<p>Vad roligt att just du har hittat hit, troligtvis \u00e4r du en framg\u00e5ngrik person som letar efter det d\u00e4r lilla extra som f\u00f6rgyller vardagen? D\u00e5 har du verkligen hittat r\u00e4tt.&nbsp;<\/p>\n\n\n\n<p>P\u00e5 f\u00f6ljande sidor s\u00e4ljer vi Conway Stewart &amp; Co Ltd&#8217;s otroligt vackra pennor, tillverkade av f\u00f6rstklassigt material. Vi \u00e4r s\u00e5 s\u00e4kra p\u00e5 v\u00e5ra produkter att vi ger 100 \u00e5rs garanti p\u00e5 dem och skulle de mot f\u00f6rmodan g\u00e5 s\u00f6nder s\u00e5 \u00e4r det bara att skicka in den till oss s\u00e5 f\u00e5r du en ny.&nbsp;<\/p>\n\n\n\n<p>Visst finns det billigare pennor p\u00e5 marknaden, eller ja det finns mycket billigare pennor p\u00e5 marknaden men ska du ha det absolut b\u00e4sta vad g\u00e4ller lyxpennor ja d\u00e5 \u00e4r det en penna fr\u00e5n Conway Stewart som g\u00e4ller.&nbsp;<\/p>\n\n\n\n<p>Klass och stil \u00e4r n\u00e5got som dessa pennor st\u00e5r f\u00f6r, ska personer i din omgivning se att du \u00e4r framg\u00e5ngsrik och bryr dig om hur du ser ut i andras \u00f6gon d\u00e5 \u00e4r det pennor fr\u00e5n Conway Stewart som g\u00e4ller.<br>Dessa pennor finns p\u00e5 bordet hos flera av v\u00e4rldens ledare, de utg\u00f6r fantastiska presenter som verkligen uppskattas. Finns det n\u00e5gon p\u00e5 f\u00f6retaget som borde premieras s\u00e5 g\u00f6r det med en penna fr\u00e5n Conway Stewart.&nbsp;<\/p>\n\n\n\n<p>Pennorna kommer fr\u00e5n det klassiska f\u00f6retaget Conway Stewart som \u00e4r bel\u00e4get i Plymouth England, de har sedan 1905 tillverkat pennor av h\u00f6gsta kvalitet. De har en egen fabrik d\u00e4r de tillverkar alla sina pennor, det mesta \u00e4r handgjort och jag kan lova att det de som tillverkar pennorna l\u00e4gger ned hela sin sj\u00e4l i sitt arbete.&nbsp;<\/p>\n\n\n\n<p>N\u00e4r du k\u00f6per en penna av oss finns det m\u00f6jlighet att k\u00f6pa <a href=\"https:\/\/www.tsreklam.se\/kategori\/profilprodukter\/pennor-med-tryck\/reklampennor\/\">pennor med tryck<\/a> med namn och m\u00e4rke p\u00e5 pennan av just den pennan du k\u00f6per. Det \u00e4r \u00e4ven med stor stolthet jag kan presentera Conway Stewarts sortiment p\u00e5 f\u00f6ljande sidor.<\/p>\n\n\n\n<p>\u00c4r du en person som vill visa att du \u00e4r framg\u00e5ngsrik och att signering av olika slag \u00e4r viktigt f\u00f6r dig d\u00e5 kan jag lova att just du kommer att hitta vad du s\u00f6ker h\u00e4r hos mig men s\u00f6ker du efter billiga pennor med f\u00f6retagstryck s\u00e5 \u00e4r det b\u00e4st att du letar vidare f\u00f6r s\u00e5nt finns inte h\u00e4r.<\/p>\n\n\n\n<p>Som ni kanske ser s\u00e5 huserar vi p\u00e5&nbsp;stylos.se, stylos som \u00e4r den maskulina formen av pennor p\u00e5 franska, jag dividerade mycket fram och tillbaka innan jag valde detta. Nordic Pen Imports \u00e4r ju lite l\u00e5ngt men till slut s\u00e5 kom jag fram till att stylos \u00e4r det b\u00e4sta alternativet d\u00e5 det oftast handlar om lite mer maskulina pennor som finns till f\u00f6rs\u00e4ljning h\u00e4r.<\/p>\n","protected":false},"excerpt":{"rendered":"<p>Vad roligt att just du har hittat hit, troligtvis \u00e4r du en framg\u00e5ngrik person som letar efter det d\u00e4r lilla &hellip; <a href=\"https:\/\/stylos.se\/\" class=\"more-link\"><span class=\"more-button\">Read More<span class=\"screen-reader-text\">V\u00e4lkommen<\/span><\/span><\/a><\/p>\n","protected":false},"author":1,"featured_media":0,"parent":0,"menu_order":0,"comment_status":"closed","ping_status":"open","template":"","meta":[],"_links":{"self":[{"href":"https:\/\/stylos.se\/index.php?rest_route=\/wp\/v2\/pages\/2"}],"collection":[{"href":"https:\/\/stylos.se\/index.php?rest_route=\/wp\/v2\/pages"}],"about":[{"href":"https:\/\/stylos.se\/index.php?rest_route=\/wp\/v2\/types\/page"}],"author":[{"embeddable":true,"href":"https:\/\/stylos.se\/index.php?rest_route=\/wp\/v2\/users\/1"}],"replies":[{"embeddable":true,"href":"https:\/\/stylos.se\/index.php?rest_route=%2Fwp%2Fv2%2Fcomments&post=2"}],"version-history":[{"count":3,"href":"https:\/\/stylos.se\/index.php?rest_route=\/wp\/v2\/pages\/2\/revisions"}],"predecessor-version":[{"id":37,"href":"https:\/\/stylos.se\/index.php?rest_route=\/wp\/v2\/pages\/2\/revisions\/37"}],"wp:attachment":[{"href":"https:\/\/stylos.se\/index.php?rest_route=%2Fwp%2Fv2%2Fmedia&parent=2"}],"curies":[{"name":"wp","href":"https:\/\/api.w.org\/{rel}","templated":true}]}}