{"id":12,"date":"2019-08-15T11:45:33","date_gmt":"2019-08-15T11:45:33","guid":{"rendered":"http:\/\/stylos.se\/?page_id=12"},"modified":"2019-08-15T12:28:35","modified_gmt":"2019-08-15T12:28:35","slug":"diamen-black","status":"publish","type":"page","link":"https:\/\/stylos.se\/?page_id=12","title":{"rendered":"Diamen Bl\u00e4ck"},"content":{"rendered":"\n<p>Diamine bl\u00e4ck upplever en v\u00e4ldigt sp\u00e4nnande \u00e5terupplivning och \u00e4r stolta \u00f6ver att forts\u00e4tta sin bl\u00e4cktillverkningstradition endast att \u00e4ndra de ursprungliga formlerna var n\u00f6dv\u00e4ndiga f\u00f6r att f\u00f6lja g\u00e4llande lagstiftning. <\/p>\n\n\n\n<div class=\"wp-block-image\"><figure class=\"alignleft is-resized\"><img loading=\"lazy\" src=\"http:\/\/stylos.se\/wp-content\/uploads\/2019\/08\/bla\u0308ck-1024x683.jpeg\" alt=\"\" class=\"wp-image-31\" width=\"260\" height=\"173\" srcset=\"https:\/\/stylos.se\/wp-content\/uploads\/2019\/08\/bla\u0308ck-1024x683.jpeg 1024w, https:\/\/stylos.se\/wp-content\/uploads\/2019\/08\/bla\u0308ck-300x200.jpeg 300w, https:\/\/stylos.se\/wp-content\/uploads\/2019\/08\/bla\u0308ck-768x512.jpeg 768w, https:\/\/stylos.se\/wp-content\/uploads\/2019\/08\/bla\u0308ck.jpeg 1650w\" sizes=\"(max-width: 260px) 100vw, 260px\" \/><\/figure><\/div>\n\n\n\n<p>P\u00e5 grund av den mycket fina kvaliteten \u00e4r Diamine-reservoarpennf\u00e4rger l\u00e4mpliga f\u00f6r alla m\u00e4rken av penna och t\u00e4pper inte. De nya stora attraktiva 80 ml-glasflaskorna med traditionell finkvalitetsf\u00e4rg som levereras i 80 livliga f\u00e4rger g\u00f6r det extremt bra v\u00e4rde som g\u00f6r varje flaska till en behag att \u00e4ga och allt mycket samlingsbart. <\/p>\n\n\n\n<p>V\u00e5rt senaste till\u00e4gg till v\u00e5rt f\u00e4rgserie \u00e4r Monaco Red, som speciellt formulerades f\u00f6r Hans fridfulla h\u00f6ghet Prince Rainer III i Monaco och familjen Grimaldi i anslutning till en presentation av en font\u00e4npenna med begr\u00e4nsad upplaga. Bra nog f\u00f6r royalty, bra nog f\u00f6r dig!<\/p>\n\n\n\n<p><a><br><\/a><\/p>\n","protected":false},"excerpt":{"rendered":"<p>Diamine bl\u00e4ck upplever en v\u00e4ldigt sp\u00e4nnande \u00e5terupplivning och \u00e4r stolta \u00f6ver att forts\u00e4tta sin bl\u00e4cktillverkningstradition endast att \u00e4ndra de ursprungliga &hellip; <a href=\"https:\/\/stylos.se\/?page_id=12\" class=\"more-link\"><span class=\"more-button\">Read More<span class=\"screen-reader-text\">Diamen Bl\u00e4ck<\/span><\/span><\/a><\/p>\n","protected":false},"author":1,"featured_media":0,"parent":0,"menu_order":0,"comment_status":"closed","ping_status":"closed","template":"","meta":[],"_links":{"self":[{"href":"https:\/\/stylos.se\/index.php?rest_route=\/wp\/v2\/pages\/12"}],"collection":[{"href":"https:\/\/stylos.se\/index.php?rest_route=\/wp\/v2\/pages"}],"about":[{"href":"https:\/\/stylos.se\/index.php?rest_route=\/wp\/v2\/types\/page"}],"author":[{"embeddable":true,"href":"https:\/\/stylos.se\/index.php?rest_route=\/wp\/v2\/users\/1"}],"replies":[{"embeddable":true,"href":"https:\/\/stylos.se\/index.php?rest_route=%2Fwp%2Fv2%2Fcomments&post=12"}],"version-history":[{"count":3,"href":"https:\/\/stylos.se\/index.php?rest_route=\/wp\/v2\/pages\/12\/revisions"}],"predecessor-version":[{"id":32,"href":"https:\/\/stylos.se\/index.php?rest_route=\/wp\/v2\/pages\/12\/revisions\/32"}],"wp:attachment":[{"href":"https:\/\/stylos.se\/index.php?rest_route=%2Fwp%2Fv2%2Fmedia&parent=12"}],"curies":[{"name":"wp","href":"https:\/\/api.w.org\/{rel}","templated":true}]}}